{"id":5679,"date":"2017-07-31T14:31:11","date_gmt":"2017-07-31T14:31:11","guid":{"rendered":"https:\/\/www.gvam.es\/que-hacemos\/analisis-de-publicos\/"},"modified":"2019-06-04T08:43:48","modified_gmt":"2019-06-04T08:43:48","slug":"analyse-des-publics","status":"publish","type":"page","link":"https:\/\/www.gvam.es\/fr\/que-faisons-nous\/analyse-des-publics\/","title":{"rendered":"Analyse des publics"},"content":{"rendered":"<p>Avant et apr\u00e8s chaque projet, nous analysons les int\u00e9r\u00eats de leurs destinataires et l\u2019\u00e9volution des technologies \u00e0 leur service<\/p>\n","protected":false},"excerpt":{"rendered":"<p>Avant et apr\u00e8s chaque projet, nous analysons les int\u00e9r\u00eats de leurs destinataires et l\u2019\u00e9volution des technologies \u00e0 leur service<\/p>\n","protected":false},"author":12,"featured_media":0,"parent":5650,"menu_order":5,"comment_status":"closed","ping_status":"closed","template":"templates\/flexible.php","meta":{"footnotes":""},"acf":[],"_links":{"self":[{"href":"https:\/\/www.gvam.es\/fr\/wp-json\/wp\/v2\/pages\/5679"}],"collection":[{"href":"https:\/\/www.gvam.es\/fr\/wp-json\/wp\/v2\/pages"}],"about":[{"href":"https:\/\/www.gvam.es\/fr\/wp-json\/wp\/v2\/types\/page"}],"author":[{"embeddable":true,"href":"https:\/\/www.gvam.es\/fr\/wp-json\/wp\/v2\/users\/12"}],"replies":[{"embeddable":true,"href":"https:\/\/www.gvam.es\/fr\/wp-json\/wp\/v2\/comments?post=5679"}],"version-history":[{"count":2,"href":"https:\/\/www.gvam.es\/fr\/wp-json\/wp\/v2\/pages\/5679\/revisions"}],"predecessor-version":[{"id":5682,"href":"https:\/\/www.gvam.es\/fr\/wp-json\/wp\/v2\/pages\/5679\/revisions\/5682"}],"up":[{"embeddable":true,"href":"https:\/\/www.gvam.es\/fr\/wp-json\/wp\/v2\/pages\/5650"}],"wp:attachment":[{"href":"https:\/\/www.gvam.es\/fr\/wp-json\/wp\/v2\/media?parent=5679"}],"curies":[{"name":"wp","href":"https:\/\/api.w.org\/{rel}","templated":true}]}}