{"id":5655,"date":"2017-07-12T09:54:32","date_gmt":"2017-07-12T09:54:32","guid":{"rendered":"https:\/\/www.gvam.es\/clientes\/"},"modified":"2019-06-04T08:42:19","modified_gmt":"2019-06-04T08:42:19","slug":"clients-et-partenaires","status":"publish","type":"page","link":"https:\/\/www.gvam.es\/fr\/clients-et-partenaires\/","title":{"rendered":"CLIENTS ET PARTENAIRES"},"content":{"rendered":"<p>Nous travaillons ensemble jour apr\u00e8s jour pour offrir<\/p>\n<p>\u00e0 chaque utilisateur la plus belle exp\u00e9rience de visite<\/p>\n","protected":false},"excerpt":{"rendered":"<p>Nous travaillons ensemble jour apr\u00e8s jour pour offrir \u00e0 chaque utilisateur la plus belle exp\u00e9rience de visite<\/p>\n","protected":false},"author":1,"featured_media":0,"parent":0,"menu_order":0,"comment_status":"closed","ping_status":"closed","template":"templates\/clientes.php","meta":{"footnotes":""},"acf":[],"_links":{"self":[{"href":"https:\/\/www.gvam.es\/fr\/wp-json\/wp\/v2\/pages\/5655"}],"collection":[{"href":"https:\/\/www.gvam.es\/fr\/wp-json\/wp\/v2\/pages"}],"about":[{"href":"https:\/\/www.gvam.es\/fr\/wp-json\/wp\/v2\/types\/page"}],"author":[{"embeddable":true,"href":"https:\/\/www.gvam.es\/fr\/wp-json\/wp\/v2\/users\/1"}],"replies":[{"embeddable":true,"href":"https:\/\/www.gvam.es\/fr\/wp-json\/wp\/v2\/comments?post=5655"}],"version-history":[{"count":1,"href":"https:\/\/www.gvam.es\/fr\/wp-json\/wp\/v2\/pages\/5655\/revisions"}],"predecessor-version":[{"id":5657,"href":"https:\/\/www.gvam.es\/fr\/wp-json\/wp\/v2\/pages\/5655\/revisions\/5657"}],"wp:attachment":[{"href":"https:\/\/www.gvam.es\/fr\/wp-json\/wp\/v2\/media?parent=5655"}],"curies":[{"name":"wp","href":"https:\/\/api.w.org\/{rel}","templated":true}]}}