{"id":5650,"date":"2017-06-12T09:23:09","date_gmt":"2017-06-12T09:23:09","guid":{"rendered":"https:\/\/www.gvam.es\/que-hacemos\/"},"modified":"2019-06-04T08:42:49","modified_gmt":"2019-06-04T08:42:49","slug":"que-faisons-nous","status":"publish","type":"page","link":"https:\/\/www.gvam.es\/fr\/que-faisons-nous\/","title":{"rendered":"QUE FAISONS-NOUS"},"content":{"rendered":"<p>Nous d\u00e9veloppons des applications pour r\u00e9pondre aux besoins sp\u00e9cifiques<\/p>\n<p>des mus\u00e9es, des villes, des \u00e9coles, et de leurs utilisateurs<\/p>\n","protected":false},"excerpt":{"rendered":"<p>Nous d\u00e9veloppons des applications pour r\u00e9pondre aux besoins sp\u00e9cifiques des mus\u00e9es, des villes, des \u00e9coles, et de leurs utilisateurs<\/p>\n","protected":false},"author":1,"featured_media":0,"parent":0,"menu_order":0,"comment_status":"closed","ping_status":"open","template":"templates\/flexible.php","meta":{"footnotes":""},"acf":[],"_links":{"self":[{"href":"https:\/\/www.gvam.es\/fr\/wp-json\/wp\/v2\/pages\/5650"}],"collection":[{"href":"https:\/\/www.gvam.es\/fr\/wp-json\/wp\/v2\/pages"}],"about":[{"href":"https:\/\/www.gvam.es\/fr\/wp-json\/wp\/v2\/types\/page"}],"author":[{"embeddable":true,"href":"https:\/\/www.gvam.es\/fr\/wp-json\/wp\/v2\/users\/1"}],"replies":[{"embeddable":true,"href":"https:\/\/www.gvam.es\/fr\/wp-json\/wp\/v2\/comments?post=5650"}],"version-history":[{"count":2,"href":"https:\/\/www.gvam.es\/fr\/wp-json\/wp\/v2\/pages\/5650\/revisions"}],"predecessor-version":[{"id":5653,"href":"https:\/\/www.gvam.es\/fr\/wp-json\/wp\/v2\/pages\/5650\/revisions\/5653"}],"wp:attachment":[{"href":"https:\/\/www.gvam.es\/fr\/wp-json\/wp\/v2\/media?parent=5650"}],"curies":[{"name":"wp","href":"https:\/\/api.w.org\/{rel}","templated":true}]}}